{"id":4325,"date":"2025-03-26T09:25:47","date_gmt":"2025-03-26T08:25:47","guid":{"rendered":"https:\/\/epi.webstudio.nl\/protokoll-fuer-heizung-und-kuehlung\/"},"modified":"2025-10-06T16:52:44","modified_gmt":"2025-10-06T14:52:44","slug":"protokoll-fuer-heizung-und-kuehlung","status":"publish","type":"page","link":"https:\/\/testomgeving.epifloors.com\/de\/beratung\/protokoll-fuer-heizung-und-kuehlung\/","title":{"rendered":"Protokoll f\u00fcr Heizung und K\u00fchlung"},"content":{"rendered":"\t\t<div data-elementor-type=\"wp-page\" data-elementor-id=\"4325\" class=\"elementor elementor-4325 elementor-1853\" data-elementor-post-type=\"page\">\n\t\t\t\t<div class=\"elementor-element elementor-element-b428ecc e-con-full e-flex e-con e-parent\" data-id=\"b428ecc\" data-element_type=\"container\" data-e-type=\"container\" data-settings=\"{&quot;jet_parallax_layout_list&quot;:[]}\">\n\t\t\t\t<div class=\"elementor-element elementor-element-59ef838 elementor-widget elementor-widget-template\" data-id=\"59ef838\" data-element_type=\"widget\" data-e-type=\"widget\" data-widget_type=\"template.default\">\n\t\t\t\t<div class=\"elementor-widget-container\">\n\t\t\t\t\t\t\t<div class=\"elementor-template\">\n\t\t\t\t\t<div data-elementor-type=\"container\" data-elementor-id=\"12405\" class=\"elementor elementor-12405\" data-elementor-post-type=\"elementor_library\">\n\t\t\t\t<div class=\"elementor-element elementor-element-3abaade0 e-con-full e-flex e-con e-parent\" data-id=\"3abaade0\" data-element_type=\"container\" data-e-type=\"container\" id=\"algemeen-id\" data-settings=\"{&quot;background_background&quot;:&quot;classic&quot;,&quot;jet_parallax_layout_list&quot;:[]}\">\n\t\t<div class=\"elementor-element elementor-element-3a655029 e-flex e-con-boxed e-con e-child\" data-id=\"3a655029\" data-element_type=\"container\" data-e-type=\"container\" data-settings=\"{&quot;jet_parallax_layout_list&quot;:[]}\">\n\t\t\t\t\t<div class=\"e-con-inner\">\n\t\t\t\t<div class=\"elementor-element elementor-element-271189 elementor-widget__width-inherit no-line elementor-widget elementor-widget-heading\" data-id=\"271189\" data-element_type=\"widget\" data-e-type=\"widget\" data-widget_type=\"heading.default\">\n\t\t\t\t<div class=\"elementor-widget-container\">\n\t\t\t\t\t<h1 class=\"elementor-heading-title elementor-size-default\">Protokoll f\u00fcr Heizung und K\u00fchlung<\/h1>\t\t\t\t<\/div>\n\t\t\t\t<\/div>\n\t\t\t\t<div class=\"elementor-element elementor-element-33527db no-line elementor-widget elementor-widget-heading\" data-id=\"33527db\" data-element_type=\"widget\" data-e-type=\"widget\" data-widget_type=\"heading.default\">\n\t\t\t\t<div class=\"elementor-widget-container\">\n\t\t\t\t\t<div class=\"elementor-heading-title elementor-size-default\">Das Aufheiz- und Abk\u00fchlprotokoll sollte vorzugsweise mehrmals durchgef\u00fchrt werden<\/div>\t\t\t\t<\/div>\n\t\t\t\t<\/div>\n\t\t\t\t\t<\/div>\n\t\t\t\t<\/div>\n\t\t\t\t<\/div>\n\t\t\t\t<\/div>\n\t\t\t\t<\/div>\n\t\t\t\t\t\t<\/div>\n\t\t\t\t<\/div>\n\t\t\t\t<\/div>\n\t\t<div class=\"elementor-element elementor-element-4f6aea8 e-flex e-con-boxed e-con e-parent\" data-id=\"4f6aea8\" data-element_type=\"container\" data-e-type=\"container\" data-settings=\"{&quot;jet_parallax_layout_list&quot;:[]}\">\n\t\t\t\t\t<div class=\"e-con-inner\">\n\t\t<div class=\"elementor-element elementor-element-b82206f e-con-full e-flex e-con e-child\" data-id=\"b82206f\" data-element_type=\"container\" data-e-type=\"container\" data-settings=\"{&quot;jet_parallax_layout_list&quot;:[]}\">\n\t\t<div class=\"elementor-element elementor-element-a1c030a e-con-full e-flex e-con e-child\" data-id=\"a1c030a\" data-element_type=\"container\" data-e-type=\"container\" data-settings=\"{&quot;jet_parallax_layout_list&quot;:[]}\">\n\t\t\t\t<div class=\"elementor-element elementor-element-31d7665 elementor-widget elementor-widget-heading\" data-id=\"31d7665\" data-element_type=\"widget\" data-e-type=\"widget\" data-widget_type=\"heading.default\">\n\t\t\t\t<div class=\"elementor-widget-container\">\n\t\t\t\t\t<h2 class=\"elementor-heading-title elementor-size-default\">Heiz- und K\u00fchlprotokoll f\u00fcr Fu\u00dfbodenheizung\n<\/h2>\t\t\t\t<\/div>\n\t\t\t\t<\/div>\n\t\t\t\t<div class=\"elementor-element elementor-element-1beb371 elementor-widget__width-initial elementor-widget elementor-widget-text-editor\" data-id=\"1beb371\" data-element_type=\"widget\" data-e-type=\"widget\" data-widget_type=\"text-editor.default\">\n\t\t\t\t<div class=\"elementor-widget-container\">\n\t\t\t\t\t\t\t\t\t<h5><strong data-start=\"272\" data-end=\"351\">Warum ist das Aufheiz- und Abk\u00fchlungsprotokoll bei einer Fu\u00dfbodenheizung so wichtig?<\/strong><\/h5><p class=\"\" data-start=\"353\" data-end=\"599\">Wenn Sie einen Gussboden von By EPI \u00fcber einem Boden mit Fu\u00dfbodenheizung verlegen, ist die Einhaltung des Aufheiz- und Abk\u00fchlprotokolls unerl\u00e4sslich. Warum? Weil der darunter liegende Estrich - der oft aus Sandzement oder Anhydrit besteht - empfindlich auf thermische Bewegungen reagiert.  <\/p><h5 data-start=\"606\" data-end=\"644\">Was passiert ohne Protokoll?<\/h5><p class=\"\" data-start=\"646\" data-end=\"949\">Sobald die Fu\u00dfbodenheizung in Betrieb genommen wird, dehnt sich der Estrich aufgrund der W\u00e4rme aus. Wenn dies zu schnell oder unregelm\u00e4\u00dfig geschieht, k\u00f6nnen Risse im Unterboden entstehen. Und da ein By EPI-Bodenbelag dem Unterboden folgt, k\u00f6nnen diese Risse auch im fertigen Boden sichtbar werden.  <\/p><h5 data-start=\"956\" data-end=\"1002\">Was bewirkt das Aufheiz- und Abk\u00fchlprotokoll?<\/h5><ul data-start=\"1004\" data-end=\"1273\"><li class=\"\" data-start=\"1004\" data-end=\"1057\"><p class=\"\" data-start=\"1006\" data-end=\"1057\">Er bringt den Boden allm\u00e4hlich auf Temperatur.<\/p><\/li><li class=\"\" data-start=\"1058\" data-end=\"1159\"><p class=\"\" data-start=\"1060\" data-end=\"1159\">Der Estrich gew\u00f6hnt sich an die Temperaturschwankungen und eventuelle Spannungen werden mit der Zeit sichtbar.<\/p><\/li><li class=\"\" data-start=\"1058\" data-end=\"1159\"><p class=\"\" data-start=\"1060\" data-end=\"1159\"><span style=\"background-color: transparent;\">Dies verhindert <\/span>Spannungsrisse oder Sch\u00e4den<span style=\"background-color: transparent;\">, noch bevor der EPI-Bodenbelag aufgetragen wird.<\/span><\/p><\/li><\/ul><p class=\"\" data-start=\"1060\" data-end=\"1159\"><span style=\"background-color: transparent;\">Wir empfehlen das offizielle Heizungs <\/span><a href=\"https:\/\/testomgeving.epifloors.com\/wp-content\/uploads\/2021\/04\/21-tba-richtlijn-sep-2019.pdf\"><strong style=\"background-color: transparent;\" data-start=\"1308\" data-end=\"1366\">Heizungs- und K\u00fchlungsprotokoll des Industrieverbands f\u00fcr die Bauindustrie<\/strong><\/a><span style=\"background-color: transparent;\">  zu befolgen. So stellen Sie sicher, dass Sie den Boden richtig auf die Verlegung vorbereiten. <\/span><\/p><h5 data-start=\"1060\" data-end=\"1159\"><strong>W\u00e4rmepumpen und das Heizungsprotokoll<\/strong><\/h5><p data-start=\"1060\" data-end=\"1159\">Auch bei einer Fu\u00dfbodenheizung mit W\u00e4rmepumpe ist es wichtig, das Aufheiz- und Abk\u00fchlprotokoll sorgf\u00e4ltig zu befolgen. Obwohl W\u00e4rmepumpen mit niedrigeren Temperaturen arbeiten, bleibt das Risiko einer thermischen Belastung des Unterbodens bestehen. Ohne kontrolliertes Aufheizen k\u00f6nnen immer noch Risse im Estrich und damit in Ihrem Gussboden entstehen.  <\/p><p data-start=\"1060\" data-end=\"1159\">Weitere Informationen entnehmen Sie bitte dem <a href=\"https:\/\/www.tbafbouw.nl\/wp-content\/uploads\/2024\/04\/TBA-kennispaper-3-Is-een-opstookprotocol-nog-wel-actueel-1.pdf\" target=\"_blank\" rel=\"noopener\">TBA-Wissenspapier.<\/a><\/p><h5 data-start=\"1467\" data-end=\"1485\">Zusammenfassung:<\/h5><p class=\"\" data-start=\"1487\" data-end=\"1669\">Das Brennprotokoll ist keine Formalit\u00e4t, sondern ein entscheidender Schritt zur Schaffung einer starken und dauerhaften Grundlage f\u00fcr Ihren Superbase\u00ae, Corestone Nature\u00ae oder Quartz R\u00ae Estrich. Ein Boden, der f\u00fcrs Leben gemacht ist, beginnt mit einem Untergrund, der daf\u00fcr bereit ist. <\/p>\t\t\t\t\t\t\t\t<\/div>\n\t\t\t\t<\/div>\n\t\t\t\t<div class=\"elementor-element elementor-element-02f9292 elementor-widget elementor-widget-button\" data-id=\"02f9292\" data-element_type=\"widget\" data-e-type=\"widget\" data-widget_type=\"button.default\">\n\t\t\t\t<div class=\"elementor-widget-container\">\n\t\t\t\t\t\t\t\t\t<div class=\"elementor-button-wrapper\">\n\t\t\t\t\t<a class=\"elementor-button elementor-button-link elementor-size-sm\" href=\"\/wp-content\/uploads\/2021\/04\/21-tba-richtlijn-sep-2019.pdf\">\n\t\t\t\t\t\t<span class=\"elementor-button-content-wrapper\">\n\t\t\t\t\t\t\t\t\t<span class=\"elementor-button-text\">Sehen Sie sich das Protokoll hier an<\/span>\n\t\t\t\t\t<\/span>\n\t\t\t\t\t<\/a>\n\t\t\t\t<\/div>\n\t\t\t\t\t\t\t\t<\/div>\n\t\t\t\t<\/div>\n\t\t\t\t<\/div>\n\t\t\t\t<\/div>\n\t\t\t\t<div class=\"elementor-element elementor-element-3fbd411 elementor-widget__width-initial elementor-widget elementor-widget-image\" data-id=\"3fbd411\" data-element_type=\"widget\" data-e-type=\"widget\" data-widget_type=\"image.default\">\n\t\t\t\t<div class=\"elementor-widget-container\">\n\t\t\t\t\t\t\t\t\t\t\t\t\t\t\t<img decoding=\"async\" width=\"800\" height=\"533\" src=\"https:\/\/testomgeving.epifloors.com\/wp-content\/uploads\/2025\/03\/SP2019-Gietvloer-Haarsteeg-5-LowRes-980x653-2.jpg\" class=\"attachment-large size-large wp-image-4114\" alt=\"Opstook- en afkoelprotocol\" srcset=\"https:\/\/testomgeving.epifloors.com\/wp-content\/uploads\/2025\/03\/SP2019-Gietvloer-Haarsteeg-5-LowRes-980x653-2.jpg 980w, https:\/\/testomgeving.epifloors.com\/wp-content\/uploads\/2025\/03\/SP2019-Gietvloer-Haarsteeg-5-LowRes-980x653-2-300x200.jpg 300w, https:\/\/testomgeving.epifloors.com\/wp-content\/uploads\/2025\/03\/SP2019-Gietvloer-Haarsteeg-5-LowRes-980x653-2-768x512.jpg 768w\" sizes=\"(max-width: 800px) 100vw, 800px\" title=\"\">\t\t\t\t\t\t\t\t\t\t\t\t\t\t\t<\/div>\n\t\t\t\t<\/div>\n\t\t\t\t\t<\/div>\n\t\t\t\t<\/div>\n\t\t\t\t<\/div>\n\t\t","protected":false},"excerpt":{"rendered":"<p>Heiz- und K\u00fchlprotokoll f\u00fcr Fu\u00dfbodenheizung Warum ist das Aufheiz- und Abk\u00fchlungsprotokoll bei einer Fu\u00dfbodenheizung so wichtig? Wenn Sie einen Gussboden von By EPI \u00fcber einem Boden mit Fu\u00dfbodenheizung verlegen, ist die Einhaltung des Aufheiz- und Abk\u00fchlprotokolls unerl\u00e4sslich. Warum? Weil der darunter liegende Estrich - der oft aus Sandzement oder Anhydrit besteht - empfindlich auf thermische [&hellip;]<\/p>\n","protected":false},"author":1,"featured_media":4110,"parent":4598,"menu_order":0,"comment_status":"closed","ping_status":"closed","template":"","meta":{"footnotes":""},"kleur-category":[],"vloer-category":[],"class_list":["post-4325","page","type-page","status-publish","has-post-thumbnail","hentry"],"_links":{"self":[{"href":"https:\/\/testomgeving.epifloors.com\/de\/wp-json\/wp\/v2\/pages\/4325","targetHints":{"allow":["GET"]}}],"collection":[{"href":"https:\/\/testomgeving.epifloors.com\/de\/wp-json\/wp\/v2\/pages"}],"about":[{"href":"https:\/\/testomgeving.epifloors.com\/de\/wp-json\/wp\/v2\/types\/page"}],"author":[{"embeddable":true,"href":"https:\/\/testomgeving.epifloors.com\/de\/wp-json\/wp\/v2\/users\/1"}],"replies":[{"embeddable":true,"href":"https:\/\/testomgeving.epifloors.com\/de\/wp-json\/wp\/v2\/comments?post=4325"}],"version-history":[{"count":9,"href":"https:\/\/testomgeving.epifloors.com\/de\/wp-json\/wp\/v2\/pages\/4325\/revisions"}],"predecessor-version":[{"id":13148,"href":"https:\/\/testomgeving.epifloors.com\/de\/wp-json\/wp\/v2\/pages\/4325\/revisions\/13148"}],"up":[{"embeddable":true,"href":"https:\/\/testomgeving.epifloors.com\/de\/wp-json\/wp\/v2\/pages\/4598"}],"wp:featuredmedia":[{"embeddable":true,"href":"https:\/\/testomgeving.epifloors.com\/de\/wp-json\/wp\/v2\/media\/4110"}],"wp:attachment":[{"href":"https:\/\/testomgeving.epifloors.com\/de\/wp-json\/wp\/v2\/media?parent=4325"}],"wp:term":[{"taxonomy":"kleur-category","embeddable":true,"href":"https:\/\/testomgeving.epifloors.com\/de\/wp-json\/wp\/v2\/kleur-category?post=4325"},{"taxonomy":"vloer-category","embeddable":true,"href":"https:\/\/testomgeving.epifloors.com\/de\/wp-json\/wp\/v2\/vloer-category?post=4325"}],"curies":[{"name":"wp","href":"https:\/\/api.w.org\/{rel}","templated":true}]}}